{"id":2243,"date":"2020-02-24T22:46:05","date_gmt":"2020-02-24T22:46:05","guid":{"rendered":"https:\/\/demo.gloriathemes.com\/noxe\/demo\/?page_id=2243"},"modified":"2020-02-24T22:46:05","modified_gmt":"2020-02-24T22:46:05","slug":"team","status":"publish","type":"page","link":"https:\/\/www.allcatsaregreyinthedark.com\/?page_id=2243","title":{"rendered":"Team"},"content":{"rendered":"<div class=\"wpb-content-wrapper\"><p>[vc_row css=&#8221;.vc_custom_1582586633277{margin-bottom: 0px !important;}&#8221;][vc_column]<div class=\"gt-team gt-style-3 gt-light gt-align-center\"><div class=\"gt-grid gt-grid-3 gt-spacing-20\"><div class=\"gt-grid-col\"><div class=\"gt-item\"><div class=\"gt-item-inner\"><div class=\"gt-photo\"><img loading=\"lazy\" decoding=\"async\" width=\"415\" height=\"460\" src=\"https:\/\/www.allcatsaregreyinthedark.com\/wp-content\/uploads\/2020\/02\/team-1.jpg\" class=\"attachment-full size-full\" alt=\"\" srcset=\"https:\/\/www.allcatsaregreyinthedark.com\/wp-content\/uploads\/2020\/02\/team-1.jpg 415w, https:\/\/www.allcatsaregreyinthedark.com\/wp-content\/uploads\/2020\/02\/team-1-271x300.jpg 271w\" sizes=\"auto, (max-width: 415px) 100vw, 415px\" \/><\/div><div class=\"gt-details\"><p>As the visionary founder of Noxe, Adam's passion for storytelling and dedication to cinematic excellence laid the foundation for the company's success.<\/p>\n<div class=\"gt-social-links gt-style-1 gt-dark gt-size-s\"><ul><li><a href=\"https:\/\/www.facebook.com\/gloriathemes\" target=\"_blank\" class=\"gt-facebook\"><i class=\"fa-brands fa-facebook-f\"><\/i><\/a><\/li><li><a href=\"https:\/\/www.instagram.com\/gloriathemes\/\" target=\"_blank\" class=\"gt-instagram\"><i class=\"fa-brands fa-instagram\"><\/i><\/a><\/li><li><a href=\"https:\/\/twitter.com\/gloriathemes\" target=\"_blank\" class=\"gt-twitter\"><i class=\"fa-brands fa-x-twitter\"><\/i><\/a><\/li><li><a href=\"https:\/\/www.imdb.com\/\" target=\"_blank\" class=\"gt-imdb\"><i class=\"fa-brands fa-imdb\"><\/i><\/a><\/li><\/ul><\/div><\/div><\/div><div class=\"gt-title\">Adam Hansen<\/div><div class=\"gt-job\">Founder<\/div><\/div><\/div><div class=\"gt-grid-col\"><div class=\"gt-item\"><div class=\"gt-item-inner\"><div class=\"gt-photo\"><img loading=\"lazy\" decoding=\"async\" width=\"415\" height=\"460\" src=\"https:\/\/www.allcatsaregreyinthedark.com\/wp-content\/uploads\/2020\/02\/team-2.jpg\" class=\"attachment-full size-full\" alt=\"\" srcset=\"https:\/\/www.allcatsaregreyinthedark.com\/wp-content\/uploads\/2020\/02\/team-2.jpg 415w, https:\/\/www.allcatsaregreyinthedark.com\/wp-content\/uploads\/2020\/02\/team-2-271x300.jpg 271w\" sizes=\"auto, (max-width: 415px) 100vw, 415px\" \/><\/div><div class=\"gt-details\"><p>Elisa's meticulous approach and creative sensibilities make her an invaluable member of the team, shaping the narrative flow and emotional impact of each film.<\/p>\n<div class=\"gt-social-links gt-style-1 gt-dark gt-size-s\"><ul><li><a href=\"https:\/\/www.facebook.com\/gloriathemes\" target=\"_blank\" class=\"gt-facebook\"><i class=\"fa-brands fa-facebook-f\"><\/i><\/a><\/li><li><a href=\"https:\/\/www.instagram.com\/gloriathemes\/\" target=\"_blank\" class=\"gt-instagram\"><i class=\"fa-brands fa-instagram\"><\/i><\/a><\/li><li><a href=\"https:\/\/twitter.com\/gloriathemes\" target=\"_blank\" class=\"gt-twitter\"><i class=\"fa-brands fa-x-twitter\"><\/i><\/a><\/li><li><a href=\"https:\/\/www.imdb.com\/\" target=\"_blank\" class=\"gt-imdb\"><i class=\"fa-brands fa-imdb\"><\/i><\/a><\/li><\/ul><\/div><\/div><\/div><div class=\"gt-title\">Elisa Velasques<\/div><div class=\"gt-job\">Editor<\/div><\/div><\/div><div class=\"gt-grid-col\"><div class=\"gt-item\"><div class=\"gt-item-inner\"><div class=\"gt-photo\"><img loading=\"lazy\" decoding=\"async\" width=\"415\" height=\"460\" src=\"https:\/\/www.allcatsaregreyinthedark.com\/wp-content\/uploads\/2020\/02\/team-3.jpg\" class=\"attachment-full size-full\" alt=\"\" srcset=\"https:\/\/www.allcatsaregreyinthedark.com\/wp-content\/uploads\/2020\/02\/team-3.jpg 415w, https:\/\/www.allcatsaregreyinthedark.com\/wp-content\/uploads\/2020\/02\/team-3-271x300.jpg 271w\" sizes=\"auto, (max-width: 415px) 100vw, 415px\" \/><\/div><div class=\"gt-details\"><p>Kevin's expertise in crafting compelling visual experiences brings depth and resonance to the films, captivating audiences with his artistic vision.<\/p>\n<div class=\"gt-social-links gt-style-1 gt-dark gt-size-s\"><ul><li><a href=\"https:\/\/www.facebook.com\/gloriathemes\" target=\"_blank\" class=\"gt-facebook\"><i class=\"fa-brands fa-facebook-f\"><\/i><\/a><\/li><li><a href=\"https:\/\/www.instagram.com\/gloriathemes\/\" target=\"_blank\" class=\"gt-instagram\"><i class=\"fa-brands fa-instagram\"><\/i><\/a><\/li><li><a href=\"https:\/\/twitter.com\/gloriathemes\" target=\"_blank\" class=\"gt-twitter\"><i class=\"fa-brands fa-x-twitter\"><\/i><\/a><\/li><li><a href=\"https:\/\/www.imdb.com\/\" target=\"_blank\" class=\"gt-imdb\"><i class=\"fa-brands fa-imdb\"><\/i><\/a><\/li><\/ul><\/div><\/div><\/div><div class=\"gt-title\">Kevin James<\/div><div class=\"gt-job\">Editor<\/div><\/div><\/div><div class=\"gt-grid-col\"><div class=\"gt-item\"><div class=\"gt-item-inner\"><div class=\"gt-photo\"><img loading=\"lazy\" decoding=\"async\" width=\"415\" height=\"460\" src=\"https:\/\/www.allcatsaregreyinthedark.com\/wp-content\/uploads\/2020\/02\/team-4.jpg\" class=\"attachment-full size-full\" alt=\"\" srcset=\"https:\/\/www.allcatsaregreyinthedark.com\/wp-content\/uploads\/2020\/02\/team-4.jpg 415w, https:\/\/www.allcatsaregreyinthedark.com\/wp-content\/uploads\/2020\/02\/team-4-271x300.jpg 271w\" sizes=\"auto, (max-width: 415px) 100vw, 415px\" \/><\/div><div class=\"gt-details\"><p>James's technical skills and innovative mindset drive the development of cutting-edge solutions that enhance the cinematic experience.<\/p>\n<div class=\"gt-social-links gt-style-1 gt-dark gt-size-s\"><ul><li><a href=\"https:\/\/www.facebook.com\/gloriathemes\" target=\"_blank\" class=\"gt-facebook\"><i class=\"fa-brands fa-facebook-f\"><\/i><\/a><\/li><li><a href=\"https:\/\/www.instagram.com\/gloriathemes\/\" target=\"_blank\" class=\"gt-instagram\"><i class=\"fa-brands fa-instagram\"><\/i><\/a><\/li><li><a href=\"https:\/\/twitter.com\/gloriathemes\" target=\"_blank\" class=\"gt-twitter\"><i class=\"fa-brands fa-x-twitter\"><\/i><\/a><\/li><li><a href=\"https:\/\/www.imdb.com\/\" target=\"_blank\" class=\"gt-imdb\"><i class=\"fa-brands fa-imdb\"><\/i><\/a><\/li><\/ul><\/div><\/div><\/div><div class=\"gt-title\">James Calvin<\/div><div class=\"gt-job\">Developer<\/div><\/div><\/div><div class=\"gt-grid-col\"><div class=\"gt-item\"><div class=\"gt-item-inner\"><div class=\"gt-photo\"><img loading=\"lazy\" decoding=\"async\" width=\"415\" height=\"460\" src=\"https:\/\/www.allcatsaregreyinthedark.com\/wp-content\/uploads\/2020\/02\/team-5.jpg\" class=\"attachment-full size-full\" alt=\"\" srcset=\"https:\/\/www.allcatsaregreyinthedark.com\/wp-content\/uploads\/2020\/02\/team-5.jpg 415w, https:\/\/www.allcatsaregreyinthedark.com\/wp-content\/uploads\/2020\/02\/team-5-271x300.jpg 271w\" sizes=\"auto, (max-width: 415px) 100vw, 415px\" \/><\/div><div class=\"gt-details\"><p>Barbara's extensive industry knowledge and strong leadership skills make her instrumental in orchestrating the production process, ensuring seamless execution.<\/p>\n<div class=\"gt-social-links gt-style-1 gt-dark gt-size-s\"><ul><li><a href=\"https:\/\/www.facebook.com\/gloriathemes\" target=\"_blank\" class=\"gt-facebook\"><i class=\"fa-brands fa-facebook-f\"><\/i><\/a><\/li><li><a href=\"https:\/\/www.instagram.com\/gloriathemes\/\" target=\"_blank\" class=\"gt-instagram\"><i class=\"fa-brands fa-instagram\"><\/i><\/a><\/li><li><a href=\"https:\/\/twitter.com\/gloriathemes\" target=\"_blank\" class=\"gt-twitter\"><i class=\"fa-brands fa-x-twitter\"><\/i><\/a><\/li><li><a href=\"https:\/\/www.imdb.com\/\" target=\"_blank\" class=\"gt-imdb\"><i class=\"fa-brands fa-imdb\"><\/i><\/a><\/li><\/ul><\/div><\/div><\/div><div class=\"gt-title\">Barbara J. Collins<\/div><div class=\"gt-job\">Producer<\/div><\/div><\/div><div class=\"gt-grid-col\"><div class=\"gt-item\"><div class=\"gt-item-inner\"><div class=\"gt-photo\"><img loading=\"lazy\" decoding=\"async\" width=\"415\" height=\"460\" src=\"https:\/\/www.allcatsaregreyinthedark.com\/wp-content\/uploads\/2020\/02\/team-6.jpg\" class=\"attachment-full size-full\" alt=\"\" srcset=\"https:\/\/www.allcatsaregreyinthedark.com\/wp-content\/uploads\/2020\/02\/team-6.jpg 415w, https:\/\/www.allcatsaregreyinthedark.com\/wp-content\/uploads\/2020\/02\/team-6-271x300.jpg 271w\" sizes=\"auto, (max-width: 415px) 100vw, 415px\" \/><\/div><div class=\"gt-details\"><p>Bernard's artistic vision and storytelling prowess shine through in his direction, guiding actors and crew to create memorable cinematic moments.<\/p>\n<div class=\"gt-social-links gt-style-1 gt-dark gt-size-s\"><ul><li><a href=\"https:\/\/www.facebook.com\/gloriathemes\" target=\"_blank\" class=\"gt-facebook\"><i class=\"fa-brands fa-facebook-f\"><\/i><\/a><\/li><li><a href=\"https:\/\/www.instagram.com\/gloriathemes\/\" target=\"_blank\" class=\"gt-instagram\"><i class=\"fa-brands fa-instagram\"><\/i><\/a><\/li><li><a href=\"https:\/\/twitter.com\/gloriathemes\" target=\"_blank\" class=\"gt-twitter\"><i class=\"fa-brands fa-x-twitter\"><\/i><\/a><\/li><li><a href=\"https:\/\/www.imdb.com\/\" target=\"_blank\" class=\"gt-imdb\"><i class=\"fa-brands fa-imdb\"><\/i><\/a><\/li><\/ul><\/div><\/div><\/div><div class=\"gt-title\">Bernard Williams<\/div><div class=\"gt-job\">Director<\/div><\/div><\/div><div class=\"gt-grid-col\"><div class=\"gt-item\"><div class=\"gt-item-inner\"><div class=\"gt-photo\"><img loading=\"lazy\" decoding=\"async\" width=\"415\" height=\"460\" src=\"https:\/\/www.allcatsaregreyinthedark.com\/wp-content\/uploads\/2020\/02\/team-7.jpg\" class=\"attachment-full size-full\" alt=\"\" srcset=\"https:\/\/www.allcatsaregreyinthedark.com\/wp-content\/uploads\/2020\/02\/team-7.jpg 415w, https:\/\/www.allcatsaregreyinthedark.com\/wp-content\/uploads\/2020\/02\/team-7-271x300.jpg 271w\" sizes=\"auto, (max-width: 415px) 100vw, 415px\" \/><\/div><div class=\"gt-details\"><p>Rosa's keen eye for detail and storytelling finesse shape the films into captivating narratives, capturing the essence of each story.<\/p>\n<div class=\"gt-social-links gt-style-1 gt-dark gt-size-s\"><ul><li><a href=\"https:\/\/www.facebook.com\/gloriathemes\" target=\"_blank\" class=\"gt-facebook\"><i class=\"fa-brands fa-facebook-f\"><\/i><\/a><\/li><li><a href=\"https:\/\/www.instagram.com\/gloriathemes\/\" target=\"_blank\" class=\"gt-instagram\"><i class=\"fa-brands fa-instagram\"><\/i><\/a><\/li><li><a href=\"https:\/\/twitter.com\/gloriathemes\" target=\"_blank\" class=\"gt-twitter\"><i class=\"fa-brands fa-x-twitter\"><\/i><\/a><\/li><li><a href=\"https:\/\/www.imdb.com\/\" target=\"_blank\" class=\"gt-imdb\"><i class=\"fa-brands fa-imdb\"><\/i><\/a><\/li><\/ul><\/div><\/div><\/div><div class=\"gt-title\">Rosa Fincher<\/div><div class=\"gt-job\">Movie Editor<\/div><\/div><\/div><div class=\"gt-grid-col\"><div class=\"gt-item\"><div class=\"gt-item-inner\"><div class=\"gt-photo\"><img loading=\"lazy\" decoding=\"async\" width=\"415\" height=\"460\" src=\"https:\/\/www.allcatsaregreyinthedark.com\/wp-content\/uploads\/2020\/02\/team-8.jpg\" class=\"attachment-full size-full\" alt=\"\" srcset=\"https:\/\/www.allcatsaregreyinthedark.com\/wp-content\/uploads\/2020\/02\/team-8.jpg 415w, https:\/\/www.allcatsaregreyinthedark.com\/wp-content\/uploads\/2020\/02\/team-8-271x300.jpg 271w\" sizes=\"auto, (max-width: 415px) 100vw, 415px\" \/><\/div><div class=\"gt-details\"><p>Alan's expertise in software development and technological innovation contribute to creating immersive digital experiences for audiences.<\/p>\n<div class=\"gt-social-links gt-style-1 gt-dark gt-size-s\"><ul><li><a href=\"https:\/\/www.facebook.com\/gloriathemes\" target=\"_blank\" class=\"gt-facebook\"><i class=\"fa-brands fa-facebook-f\"><\/i><\/a><\/li><li><a href=\"https:\/\/www.instagram.com\/gloriathemes\/\" target=\"_blank\" class=\"gt-instagram\"><i class=\"fa-brands fa-instagram\"><\/i><\/a><\/li><li><a href=\"https:\/\/twitter.com\/gloriathemes\" target=\"_blank\" class=\"gt-twitter\"><i class=\"fa-brands fa-x-twitter\"><\/i><\/a><\/li><li><a href=\"https:\/\/www.imdb.com\/\" target=\"_blank\" class=\"gt-imdb\"><i class=\"fa-brands fa-imdb\"><\/i><\/a><\/li><\/ul><\/div><\/div><\/div><div class=\"gt-title\">Alan E. Phillips<\/div><div class=\"gt-job\">Developer<\/div><\/div><\/div><div class=\"gt-grid-col\"><div class=\"gt-item\"><div class=\"gt-item-inner\"><div class=\"gt-photo\"><img loading=\"lazy\" decoding=\"async\" width=\"415\" height=\"460\" src=\"https:\/\/www.allcatsaregreyinthedark.com\/wp-content\/uploads\/2020\/02\/team-9.jpg\" class=\"attachment-full size-full\" alt=\"\" srcset=\"https:\/\/www.allcatsaregreyinthedark.com\/wp-content\/uploads\/2020\/02\/team-9.jpg 415w, https:\/\/www.allcatsaregreyinthedark.com\/wp-content\/uploads\/2020\/02\/team-9-271x300.jpg 271w\" sizes=\"auto, (max-width: 415px) 100vw, 415px\" \/><\/div><div class=\"gt-details\"><p>Bur\u00e7ak's technical acumen and passion for innovation drive the development of cutting-edge tools and platforms, enriching the cinematic experience for viewers.<\/p>\n<div class=\"gt-social-links gt-style-1 gt-dark gt-size-s\"><ul><li><a href=\"https:\/\/www.facebook.com\/gloriathemes\" target=\"_blank\" class=\"gt-facebook\"><i class=\"fa-brands fa-facebook-f\"><\/i><\/a><\/li><li><a href=\"https:\/\/www.instagram.com\/gloriathemes\/\" target=\"_blank\" class=\"gt-instagram\"><i class=\"fa-brands fa-instagram\"><\/i><\/a><\/li><li><a href=\"https:\/\/twitter.com\/gloriathemes\" target=\"_blank\" class=\"gt-twitter\"><i class=\"fa-brands fa-x-twitter\"><\/i><\/a><\/li><li><a href=\"https:\/\/www.imdb.com\/\" target=\"_blank\" class=\"gt-imdb\"><i class=\"fa-brands fa-imdb\"><\/i><\/a><\/li><\/ul><\/div><\/div><\/div><div class=\"gt-title\">Bur\u00e7ak G\u00f6kb\u00f6r\u00fc<\/div><div class=\"gt-job\">Developer<\/div><\/div><\/div><\/div><\/div>[\/vc_column][\/vc_row]<\/p>\n<\/div>","protected":false},"excerpt":{"rendered":"<p>[vc_row css=&#8221;.vc_custom_1582586633277{margin-bottom: 0px !important;}&#8221;][vc_column][\/vc_column][\/vc_row]<\/p>\n","protected":false},"author":3,"featured_media":0,"parent":0,"menu_order":0,"comment_status":"closed","ping_status":"closed","template":"","meta":{"footnotes":""},"class_list":["post-2243","page","type-page","status-publish","hentry"],"yoast_head":"<!-- This site is optimized with the Yoast SEO plugin v25.8 - https:\/\/yoast.com\/wordpress\/plugins\/seo\/ -->\n<title>Team - All Cats Are Grey In The Dark<\/title>\n<meta name=\"robots\" content=\"noindex, follow, max-snippet:-1, max-image-preview:large, max-video-preview:-1\" \/>\n<meta property=\"og:locale\" content=\"en_US\" \/>\n<meta property=\"og:type\" content=\"article\" \/>\n<meta property=\"og:title\" content=\"Team - All Cats Are Grey In The Dark\" \/>\n<meta property=\"og:description\" content=\"[vc_row css=&#8221;.vc_custom_1582586633277{margin-bottom: 0px !important;}&#8221;][vc_column][\/vc_column][\/vc_row]\" \/>\n<meta property=\"og:url\" content=\"https:\/\/www.allcatsaregreyinthedark.com\/?page_id=2243\" \/>\n<meta property=\"og:site_name\" content=\"All Cats Are Grey In The Dark\" \/>\n<meta name=\"twitter:card\" content=\"summary_large_image\" \/>\n<meta name=\"twitter:label1\" content=\"Est. reading time\" \/>\n\t<meta name=\"twitter:data1\" content=\"7 minutes\" \/>\n<script type=\"application\/ld+json\" class=\"yoast-schema-graph\">{\"@context\":\"https:\/\/schema.org\",\"@graph\":[{\"@type\":\"WebPage\",\"@id\":\"https:\/\/www.allcatsaregreyinthedark.com\/?page_id=2243\",\"url\":\"https:\/\/www.allcatsaregreyinthedark.com\/?page_id=2243\",\"name\":\"Team - All Cats Are Grey In The Dark\",\"isPartOf\":{\"@id\":\"https:\/\/www.allcatsaregreyinthedark.com\/#website\"},\"datePublished\":\"2020-02-24T22:46:05+00:00\",\"breadcrumb\":{\"@id\":\"https:\/\/www.allcatsaregreyinthedark.com\/?page_id=2243#breadcrumb\"},\"inLanguage\":\"en-US\",\"potentialAction\":[{\"@type\":\"ReadAction\",\"target\":[\"https:\/\/www.allcatsaregreyinthedark.com\/?page_id=2243\"]}]},{\"@type\":\"BreadcrumbList\",\"@id\":\"https:\/\/www.allcatsaregreyinthedark.com\/?page_id=2243#breadcrumb\",\"itemListElement\":[{\"@type\":\"ListItem\",\"position\":1,\"name\":\"Home\",\"item\":\"https:\/\/www.allcatsaregreyinthedark.com\/\"},{\"@type\":\"ListItem\",\"position\":2,\"name\":\"Team\"}]},{\"@type\":\"WebSite\",\"@id\":\"https:\/\/www.allcatsaregreyinthedark.com\/#website\",\"url\":\"https:\/\/www.allcatsaregreyinthedark.com\/\",\"name\":\"All Cats Are Grey In The Dark\",\"description\":\"\",\"potentialAction\":[{\"@type\":\"SearchAction\",\"target\":{\"@type\":\"EntryPoint\",\"urlTemplate\":\"https:\/\/www.allcatsaregreyinthedark.com\/?s={search_term_string}\"},\"query-input\":{\"@type\":\"PropertyValueSpecification\",\"valueRequired\":true,\"valueName\":\"search_term_string\"}}],\"inLanguage\":\"en-US\"}]}<\/script>\n<!-- \/ Yoast SEO plugin. -->","yoast_head_json":{"title":"Team - All Cats Are Grey In The Dark","robots":{"index":"noindex","follow":"follow","max-snippet":"max-snippet:-1","max-image-preview":"max-image-preview:large","max-video-preview":"max-video-preview:-1"},"og_locale":"en_US","og_type":"article","og_title":"Team - All Cats Are Grey In The Dark","og_description":"[vc_row css=&#8221;.vc_custom_1582586633277{margin-bottom: 0px !important;}&#8221;][vc_column][\/vc_column][\/vc_row]","og_url":"https:\/\/www.allcatsaregreyinthedark.com\/?page_id=2243","og_site_name":"All Cats Are Grey In The Dark","twitter_card":"summary_large_image","twitter_misc":{"Est. reading time":"7 minutes"},"schema":{"@context":"https:\/\/schema.org","@graph":[{"@type":"WebPage","@id":"https:\/\/www.allcatsaregreyinthedark.com\/?page_id=2243","url":"https:\/\/www.allcatsaregreyinthedark.com\/?page_id=2243","name":"Team - All Cats Are Grey In The Dark","isPartOf":{"@id":"https:\/\/www.allcatsaregreyinthedark.com\/#website"},"datePublished":"2020-02-24T22:46:05+00:00","breadcrumb":{"@id":"https:\/\/www.allcatsaregreyinthedark.com\/?page_id=2243#breadcrumb"},"inLanguage":"en-US","potentialAction":[{"@type":"ReadAction","target":["https:\/\/www.allcatsaregreyinthedark.com\/?page_id=2243"]}]},{"@type":"BreadcrumbList","@id":"https:\/\/www.allcatsaregreyinthedark.com\/?page_id=2243#breadcrumb","itemListElement":[{"@type":"ListItem","position":1,"name":"Home","item":"https:\/\/www.allcatsaregreyinthedark.com\/"},{"@type":"ListItem","position":2,"name":"Team"}]},{"@type":"WebSite","@id":"https:\/\/www.allcatsaregreyinthedark.com\/#website","url":"https:\/\/www.allcatsaregreyinthedark.com\/","name":"All Cats Are Grey In The Dark","description":"","potentialAction":[{"@type":"SearchAction","target":{"@type":"EntryPoint","urlTemplate":"https:\/\/www.allcatsaregreyinthedark.com\/?s={search_term_string}"},"query-input":{"@type":"PropertyValueSpecification","valueRequired":true,"valueName":"search_term_string"}}],"inLanguage":"en-US"}]}},"_links":{"self":[{"href":"https:\/\/www.allcatsaregreyinthedark.com\/index.php?rest_route=\/wp\/v2\/pages\/2243","targetHints":{"allow":["GET"]}}],"collection":[{"href":"https:\/\/www.allcatsaregreyinthedark.com\/index.php?rest_route=\/wp\/v2\/pages"}],"about":[{"href":"https:\/\/www.allcatsaregreyinthedark.com\/index.php?rest_route=\/wp\/v2\/types\/page"}],"author":[{"embeddable":true,"href":"https:\/\/www.allcatsaregreyinthedark.com\/index.php?rest_route=\/wp\/v2\/users\/3"}],"replies":[{"embeddable":true,"href":"https:\/\/www.allcatsaregreyinthedark.com\/index.php?rest_route=%2Fwp%2Fv2%2Fcomments&post=2243"}],"version-history":[{"count":0,"href":"https:\/\/www.allcatsaregreyinthedark.com\/index.php?rest_route=\/wp\/v2\/pages\/2243\/revisions"}],"wp:attachment":[{"href":"https:\/\/www.allcatsaregreyinthedark.com\/index.php?rest_route=%2Fwp%2Fv2%2Fmedia&parent=2243"}],"curies":[{"name":"wp","href":"https:\/\/api.w.org\/{rel}","templated":true}]}}